{"id":1062,"date":"2023-07-11T13:05:37","date_gmt":"2023-07-11T11:05:37","guid":{"rendered":"https:\/\/www.obviousworks.ch\/?page_id=1062"},"modified":"2026-03-04T17:50:58","modified_gmt":"2026-03-04T16:50:58","slug":"articles","status":"publish","type":"page","link":"https:\/\/www.obviousworks.ch\/en\/artikel\/","title":{"rendered":"Articles"},"content":{"rendered":"<p>[et_pb_section fb_built=&#187;1&#8243; fullwidth=&#187;on&#187; admin_label=&#187;Hero Section&#187; _builder_version=&#187;4.17.4&#8243; background_image=&#187;https:\/\/www.obviousworks.ch\/wp-content\/uploads\/2023\/02\/job_recruitement_14.jpg&#187; parallax=&#187;on&#187; custom_padding=&#187;|||&#187; global_colors_info=&#187;{}&#187;][et_pb_fullwidth_header title=&#187;Aritkel &#038; Beitr\u00e4ge&#187; subhead=&#187;Vom Agilen Anforderungensmanagement, \u00fcber KI-gest\u00fctzte Anforderungen bis hin zu Agentic Coding und effizientem Einsatz von KI in der Software Entwicklung&#187; button_one_text=&#187;Anmelden zum Newsletter&#187; button_one_url=&#187;#newsletter_optin&#187; content_max_width=&#187;900px&#187; _builder_version=&#187;4.27.6&#8243; title_font=&#187;Poppins|600||on|||||&#187; title_font_size=&#187;18px&#187; title_letter_spacing=&#187;4px&#187; title_line_height=&#187;1.8em&#187; content_font=&#187;||||||||&#187; subhead_font=&#187;Raleway|700|||||||&#187; subhead_font_size=&#187;35px&#187; subhead_line_height=&#187;1.4em&#187; background_color=&#187;rgba(126,190,197,0)&#187; use_background_color_gradient=&#187;on&#187; background_color_gradient_direction=&#187;90deg&#187; background_color_gradient_stops=&#187;#13658a 25%|rgba(82,180,219,0.69) 75%&#187; background_color_gradient_overlays_image=&#187;on&#187; background_color_gradient_start=&#187;#000dff&#187; background_color_gradient_start_position=&#187;25%&#187; background_color_gradient_end=&#187;rgba(0,13,255,0.7)&#187; background_color_gradient_end_position=&#187;75%&#187; custom_button_one=&#187;on&#187; button_one_text_size=&#187;14px&#187; button_one_bg_color=&#187;#F67E28&#8243; button_one_border_width=&#187;12px&#187; button_one_border_color=&#187;#F67E28&#8243; button_one_letter_spacing=&#187;2px&#187; button_one_font=&#187;Poppins|600||on|||||&#187; button_one_icon=&#187;&#x24;||divi||400&#8243; custom_button_two=&#187;on&#187; button_two_text_size=&#187;14px&#187; button_two_text_color=&#187;#23A455&#8243; button_two_bg_color=&#187;#ffffff&#187; button_two_border_width=&#187;12px&#187; button_two_border_color=&#187;#ffffff&#187; button_two_letter_spacing=&#187;2px&#187; button_two_font=&#187;Poppins|600||on|||||&#187; button_two_icon=&#187;&#x24;||divi||400&#8243; custom_padding=&#187;80px||18vw|&#187; hover_enabled=&#187;0&#8243; subhead_font_size_tablet=&#187;40px&#187; subhead_font_size_phone=&#187;23px&#187; subhead_font_size_last_edited=&#187;on|desktop&#187; button_one_letter_spacing_hover=&#187;2px&#187; button_two_letter_spacing_hover=&#187;2px&#187; global_colors_info=&#187;{}&#187; button_one_text_size__hover_enabled=&#187;off&#187; button_two_text_size__hover_enabled=&#187;off&#187; button_one_text_color__hover_enabled=&#187;off&#187; button_two_text_color__hover_enabled=&#187;off&#187; button_one_border_width__hover_enabled=&#187;off&#187; button_two_border_width__hover_enabled=&#187;off&#187; button_one_border_color__hover_enabled=&#187;off&#187; button_two_border_color__hover_enabled=&#187;off&#187; button_one_border_radius__hover_enabled=&#187;off&#187; button_two_border_radius__hover_enabled=&#187;off&#187; button_one_letter_spacing__hover_enabled=&#187;on&#187; button_one_letter_spacing__hover=&#187;2px&#187; button_two_letter_spacing__hover_enabled=&#187;on&#187; button_two_letter_spacing__hover=&#187;2px&#187; button_one_bg_color__hover_enabled=&#187;off&#187; button_two_bg_color__hover_enabled=&#187;off&#187; sticky_enabled=&#187;0&#8243;][\/et_pb_fullwidth_header][\/et_pb_section][et_pb_section fb_built=&#187;1&#8243; _builder_version=&#187;4.16&#8243; custom_margin=&#187;||50px||false&#187; custom_margin_tablet=&#187;&#187; custom_margin_phone=&#187;||0px|&#187; custom_margin_last_edited=&#187;on|phone&#187; custom_padding=&#187;0px||0||false|false&#187; global_colors_info=&#187;{}&#187;][et_pb_row _builder_version=&#187;4.16&#8243; width=&#187;100%&#187; max_width=&#187;100%&#187; custom_margin=&#187;|||&#187; custom_padding=&#187;27px|0px|27px|0px|false|false&#187; use_custom_width=&#187;on&#187; width_unit=&#187;off&#187; custom_width_percent=&#187;100%&#187; global_colors_info=&#187;{}&#187;][et_pb_column type=&#187;4_4&#8243; _builder_version=&#187;4.16&#8243; custom_padding=&#187;0px|||&#187; global_colors_info=&#187;{}&#187; custom_padding__hover=&#187;|||&#187;][et_pb_text _builder_version=&#187;4.17.4&#8243; text_font=&#187;Raleway|800|||||||&#187; text_font_size=&#187;22vw&#187; text_line_height=&#187;0.8em&#187; header_font=&#187;||||||||&#187; background_layout=&#187;dark&#187; custom_margin=&#187;-15vw|||-2%&#187; custom_margin_tablet=&#187;-19vw|||&#187; custom_margin_phone=&#187;&#187; custom_margin_last_edited=&#187;on|tablet&#187; animation_style=&#187;slide&#187; animation_direction=&#187;bottom&#187; animation_intensity_slide=&#187;5%&#187; animation_starting_opacity=&#187;100%&#187; text_font_size_tablet=&#187;&#187; text_font_size_phone=&#187;&#187; text_font_size_last_edited=&#187;on|phone&#187; global_colors_info=&#187;{}&#187;]<\/p>\n<p>Artikel<\/p>\n<p>[\/et_pb_text][\/et_pb_column][\/et_pb_row][\/et_pb_section][et_pb_section fb_built=&#187;1&#8243; admin_label=&#187;Blog Section&#187; _builder_version=&#187;4.16&#8243; custom_padding=&#187;10px||80px||false|false&#187; global_colors_info=&#187;{}&#187;][et_pb_row _builder_version=&#187;4.16&#8243; global_colors_info=&#187;{}&#187;][et_pb_column type=&#187;4_4&#8243; _builder_version=&#187;4.16&#8243; custom_padding=&#187;|||&#187; global_colors_info=&#187;{}&#187; custom_padding__hover=&#187;|||&#187;][et_pb_blog fullwidth=&#187;off&#187; posts_number=&#187;9&#8243; include_categories=&#187;65&#8243; show_author=&#187;off&#187; show_categories=&#187;off&#187; _builder_version=&#187;4.17.4&#8243; header_font=&#187;Raleway|700|||||||&#187; header_font_size=&#187;16px&#187; header_line_height=&#187;1.4em&#187; body_font=&#187;Poppins||||||||&#187; body_line_height=&#187;1.8em&#187; meta_font=&#187;Poppins||||||||&#187; meta_text_color=&#187;#9e9e9e&#187; pagination_font=&#187;Raleway|700|||||||&#187; pagination_text_color=&#187;#000dff&#187; pagination_font_size=&#187;15px&#187; border_radii=&#187;on|3px|3px|3px|3px&#187; border_width_all=&#187;0px&#187; box_shadow_style=&#187;preset1&#8243; box_shadow_vertical=&#187;7px&#187; box_shadow_blur=&#187;25px&#187; box_shadow_color=&#187;rgba(0,0,0,0.05)&#187; global_colors_info=&#187;{}&#187;][\/et_pb_blog][\/et_pb_column][\/et_pb_row][\/et_pb_section][et_pb_section fb_built=&#187;1&#8243; use_custom_gutter=&#187;on&#187; specialty=&#187;on&#187; padding_bottom_2=&#187;40px&#187; admin_label=&#187;Service Section&#187; _builder_version=&#187;4.16&#8243; custom_padding=&#187;|||&#187; global_colors_info=&#187;{}&#187;][et_pb_column type=&#187;1_3&#8243; _builder_version=&#187;4.16&#8243; custom_padding=&#187;|||&#187; global_colors_info=&#187;{}&#187; custom_padding__hover=&#187;|||&#187;][et_pb_image src=&#187;https:\/\/www.obviousworks.ch\/wp-content\/uploads\/2023\/04\/woman-on-mobile-phone-orange.png&#187; alt=&#187;Frau mit Handy&#187; title_text=&#187;Frau mit Handy&#187; show_bottom_space=&#187;off&#187; align_tablet=&#187;center&#187; align_phone=&#187;center&#187; align_last_edited=&#187;on|desktop&#187; _builder_version=&#187;4.17.4&#8243; max_width_tablet=&#187;300px&#187; max_width_phone=&#187;&#187; max_width_last_edited=&#187;on|tablet&#187; custom_margin=&#187;80px|||-20%&#187; custom_margin_tablet=&#187;0px|||0px&#187; custom_margin_phone=&#187;&#187; custom_margin_last_edited=&#187;on|desktop&#187; animation_style=&#187;slide&#187; animation_direction=&#187;left&#187; animation_intensity_slide=&#187;6%&#187; locked=&#187;off&#187; global_colors_info=&#187;{}&#187;][\/et_pb_image][\/et_pb_column][et_pb_column type=&#187;2_3&#8243; specialty_columns=&#187;2&#8243; _builder_version=&#187;4.16&#8243; custom_padding=&#187;|||&#187; global_colors_info=&#187;{}&#187; custom_padding__hover=&#187;|||&#187;][et_pb_row_inner _builder_version=&#187;4.16&#8243; custom_padding=&#187;|||&#187; global_colors_info=&#187;{}&#187;][et_pb_column_inner saved_specialty_column_type=&#187;2_3&#8243; _builder_version=&#187;4.16&#8243; custom_padding=&#187;|||&#187; global_colors_info=&#187;{}&#187; custom_padding__hover=&#187;|||&#187;][et_pb_text _builder_version=&#187;4.17.4&#8243; ul_font=&#187;||||||||&#187; ol_font=&#187;||||||||&#187; header_font=&#187;||||||||&#187; header_2_font=&#187;Raleway|700|||||||&#187; header_2_font_size=&#187;56px&#187; header_2_line_height=&#187;1.2em&#187; custom_margin=&#187;||20px|&#187; header_2_font_size_tablet=&#187;36px&#187; header_2_font_size_phone=&#187;&#187; header_2_font_size_last_edited=&#187;on|phone&#187; global_colors_info=&#187;{}&#187;]<\/p>\n<h2>Beliebte Ressourcen<\/h2>\n<p>[\/et_pb_text][et_pb_divider color=&#187;#13658A&#187; divider_weight=&#187;3px&#187; _builder_version=&#187;4.17.4&#8243; max_width=&#187;50px&#187; global_colors_info=&#187;{}&#187;][\/et_pb_divider][\/et_pb_column_inner][\/et_pb_row_inner][et_pb_row_inner column_structure=&#187;1_2,1_2&#8243; _builder_version=&#187;4.16&#8243; global_colors_info=&#187;{}&#187;][et_pb_column_inner type=&#187;1_2&#8243; saved_specialty_column_type=&#187;2_3&#8243; _builder_version=&#187;4.16&#8243; custom_padding=&#187;|||&#187; global_colors_info=&#187;{}&#187; custom_padding__hover=&#187;|||&#187;][et_pb_text _builder_version=&#187;4.27.4&#8243; _dynamic_attributes=&#187;link_option_url&#187; text_font=&#187;Poppins||||||||&#187; text_line_height=&#187;1.8em&#187; link_font=&#187;Poppins|600||on|on|||#52B4DB|&#187; link_text_color=&#187;#52B4DB&#187; link_font_size=&#187;13px&#187; link_letter_spacing=&#187;2px&#187; header_font=&#187;||||||||&#187; header_3_font=&#187;Raleway|700|||||||&#187; header_3_line_height=&#187;1.6em&#187; link_option_url=&#187;@ET-DC@eyJkeW5hbWljIjp0cnVlLCJjb250ZW50IjoicG9zdF9saW5rX3VybF9wYWdlIiwic2V0dGluZ3MiOnsicG9zdF9pZCI6Ijg2OSJ9fQ==@&#187; global_colors_info=&#187;{}&#187;]<\/p>\n<h3>User Story Hacks<\/h3>\n<p><a href=\"https:\/\/www.obviousworks.ch\/booklet-user-story-hacks\/\">Zum Gratis Download<\/a><\/p>\n<p>[\/et_pb_text][\/et_pb_column_inner][et_pb_column_inner type=&#187;1_2&#8243; saved_specialty_column_type=&#187;2_3&#8243; _builder_version=&#187;4.16&#8243; custom_padding=&#187;|||&#187; global_colors_info=&#187;{}&#187; custom_padding__hover=&#187;|||&#187;][\/et_pb_column_inner][\/et_pb_row_inner][et_pb_row_inner column_structure=&#187;1_2,1_2&#8243; _builder_version=&#187;4.16&#8243; global_colors_info=&#187;{}&#187;][et_pb_column_inner type=&#187;1_2&#8243; saved_specialty_column_type=&#187;2_3&#8243; _builder_version=&#187;4.16&#8243; custom_padding=&#187;|||&#187; global_colors_info=&#187;{}&#187; custom_padding__hover=&#187;|||&#187;][\/et_pb_column_inner][et_pb_column_inner type=&#187;1_2&#8243; saved_specialty_column_type=&#187;2_3&#8243; _builder_version=&#187;4.16&#8243; custom_padding=&#187;|||&#187; global_colors_info=&#187;{}&#187; custom_padding__hover=&#187;|||&#187;][\/et_pb_column_inner][\/et_pb_row_inner][\/et_pb_column][\/et_pb_section]<\/p>\n","protected":false},"excerpt":{"rendered":"<p>ArticlePopular resourcesUser Story Hacks Free Download<\/p>","protected":false},"author":1,"featured_media":0,"parent":0,"menu_order":0,"comment_status":"closed","ping_status":"closed","template":"","meta":{"_et_pb_use_builder":"on","_et_pb_old_content":"","_et_gb_content_width":"","footnotes":""},"class_list":["post-1062","page","type-page","status-publish","hentry"],"yoast_head":"<!-- This site is optimized with the Yoast SEO plugin v27.6 - https:\/\/yoast.com\/product\/yoast-seo-wordpress\/ -->\n<title>Artikel - Obvious Works<\/title>\n<meta name=\"description\" content=\"Artikel und Beitr\u00e4ge rund um die Themen Agilit\u00e4t, Requirements, KI und Softwareentwicklung von Obvious Works.\" \/>\n<meta name=\"robots\" content=\"index, follow, max-snippet:-1, max-image-preview:large, max-video-preview:-1\" \/>\n<link rel=\"canonical\" href=\"https:\/\/www.obviousworks.ch\/en\/articles\/\" \/>\n<meta property=\"og:locale\" content=\"en_US\" \/>\n<meta property=\"og:type\" content=\"article\" \/>\n<meta property=\"og:title\" content=\"Artikel - Obvious Works\" \/>\n<meta property=\"og:description\" content=\"Artikel und Beitr\u00e4ge rund um die Themen Agilit\u00e4t, Requirements, KI und Softwareentwicklung von Obvious Works.\" \/>\n<meta property=\"og:url\" content=\"https:\/\/www.obviousworks.ch\/en\/articles\/\" \/>\n<meta property=\"og:site_name\" content=\"Obvious Works\" \/>\n<meta property=\"article:modified_time\" content=\"2026-03-04T16:50:58+00:00\" \/>\n<meta name=\"twitter:card\" content=\"summary_large_image\" \/>\n<meta name=\"twitter:label1\" content=\"Est. reading time\" \/>\n\t<meta name=\"twitter:data1\" content=\"5 minutes\" \/>\n<script type=\"application\/ld+json\" class=\"yoast-schema-graph\">{\"@context\":\"https:\\\/\\\/schema.org\",\"@graph\":[{\"@type\":\"WebPage\",\"@id\":\"https:\\\/\\\/www.obviousworks.ch\\\/artikel\\\/\",\"url\":\"https:\\\/\\\/www.obviousworks.ch\\\/artikel\\\/\",\"name\":\"Artikel - Obvious Works\",\"isPartOf\":{\"@id\":\"https:\\\/\\\/www.obviousworks.ch\\\/#website\"},\"datePublished\":\"2023-07-11T11:05:37+00:00\",\"dateModified\":\"2026-03-04T16:50:58+00:00\",\"description\":\"Artikel und Beitr\u00e4ge rund um die Themen Agilit\u00e4t, Requirements, KI und Softwareentwicklung von Obvious Works.\",\"breadcrumb\":{\"@id\":\"https:\\\/\\\/www.obviousworks.ch\\\/artikel\\\/#breadcrumb\"},\"inLanguage\":\"en-US\",\"potentialAction\":[{\"@type\":\"ReadAction\",\"target\":[\"https:\\\/\\\/www.obviousworks.ch\\\/artikel\\\/\"]}]},{\"@type\":\"BreadcrumbList\",\"@id\":\"https:\\\/\\\/www.obviousworks.ch\\\/artikel\\\/#breadcrumb\",\"itemListElement\":[{\"@type\":\"ListItem\",\"position\":1,\"name\":\"Home\",\"item\":\"https:\\\/\\\/www.obviousworks.ch\\\/\"},{\"@type\":\"ListItem\",\"position\":2,\"name\":\"Artikel\"}]},{\"@type\":\"WebSite\",\"@id\":\"https:\\\/\\\/www.obviousworks.ch\\\/#website\",\"url\":\"https:\\\/\\\/www.obviousworks.ch\\\/\",\"name\":\"Obvious Works\",\"description\":\"Dein Partner f\u00fcr KI, Requirements &amp; Agilit\u00e4t\",\"publisher\":{\"@id\":\"https:\\\/\\\/www.obviousworks.ch\\\/#organization\"},\"potentialAction\":[{\"@type\":\"SearchAction\",\"target\":{\"@type\":\"EntryPoint\",\"urlTemplate\":\"https:\\\/\\\/www.obviousworks.ch\\\/?s={search_term_string}\"},\"query-input\":{\"@type\":\"PropertyValueSpecification\",\"valueRequired\":true,\"valueName\":\"search_term_string\"}}],\"inLanguage\":\"en-US\"},{\"@type\":\"Organization\",\"@id\":\"https:\\\/\\\/www.obviousworks.ch\\\/#organization\",\"name\":\"Obvious Works\",\"url\":\"https:\\\/\\\/www.obviousworks.ch\\\/\",\"logo\":{\"@type\":\"ImageObject\",\"inLanguage\":\"en-US\",\"@id\":\"https:\\\/\\\/www.obviousworks.ch\\\/#\\\/schema\\\/logo\\\/image\\\/\",\"url\":\"https:\\\/\\\/www.obviousworks.ch\\\/wp-content\\\/uploads\\\/2023\\\/01\\\/cropped-9952_ObviousWorks_Logo_DA_01.png\",\"contentUrl\":\"https:\\\/\\\/www.obviousworks.ch\\\/wp-content\\\/uploads\\\/2023\\\/01\\\/cropped-9952_ObviousWorks_Logo_DA_01.png\",\"width\":2980,\"height\":1164,\"caption\":\"Obvious Works\"},\"image\":{\"@id\":\"https:\\\/\\\/www.obviousworks.ch\\\/#\\\/schema\\\/logo\\\/image\\\/\"},\"sameAs\":[\"https:\\\/\\\/linkedin.com\\\/company\\\/obviousworks\"]}]}<\/script>\n<!-- \/ Yoast SEO plugin. -->","yoast_head_json":{"title":"Article - Obvious Works","description":"Articles and contributions on the topics of agility, requirements, AI and software development from Obvious Works.","robots":{"index":"index","follow":"follow","max-snippet":"max-snippet:-1","max-image-preview":"max-image-preview:large","max-video-preview":"max-video-preview:-1"},"canonical":"https:\/\/www.obviousworks.ch\/en\/articles\/","og_locale":"en_US","og_type":"article","og_title":"Artikel - Obvious Works","og_description":"Artikel und Beitr\u00e4ge rund um die Themen Agilit\u00e4t, Requirements, KI und Softwareentwicklung von Obvious Works.","og_url":"https:\/\/www.obviousworks.ch\/en\/articles\/","og_site_name":"Obvious Works","article_modified_time":"2026-03-04T16:50:58+00:00","twitter_card":"summary_large_image","twitter_misc":{"Est. reading time":"5 minutes"},"schema":{"@context":"https:\/\/schema.org","@graph":[{"@type":"WebPage","@id":"https:\/\/www.obviousworks.ch\/artikel\/","url":"https:\/\/www.obviousworks.ch\/artikel\/","name":"Article - Obvious Works","isPartOf":{"@id":"https:\/\/www.obviousworks.ch\/#website"},"datePublished":"2023-07-11T11:05:37+00:00","dateModified":"2026-03-04T16:50:58+00:00","description":"Articles and contributions on the topics of agility, requirements, AI and software development from Obvious Works.","breadcrumb":{"@id":"https:\/\/www.obviousworks.ch\/artikel\/#breadcrumb"},"inLanguage":"en-US","potentialAction":[{"@type":"ReadAction","target":["https:\/\/www.obviousworks.ch\/artikel\/"]}]},{"@type":"BreadcrumbList","@id":"https:\/\/www.obviousworks.ch\/artikel\/#breadcrumb","itemListElement":[{"@type":"ListItem","position":1,"name":"Home","item":"https:\/\/www.obviousworks.ch\/"},{"@type":"ListItem","position":2,"name":"Artikel"}]},{"@type":"WebSite","@id":"https:\/\/www.obviousworks.ch\/#website","url":"https:\/\/www.obviousworks.ch\/","name":"Obvious Works","description":"Your partner for AI, requirements &amp; agility","publisher":{"@id":"https:\/\/www.obviousworks.ch\/#organization"},"potentialAction":[{"@type":"SearchAction","target":{"@type":"EntryPoint","urlTemplate":"https:\/\/www.obviousworks.ch\/?s={search_term_string}"},"query-input":{"@type":"PropertyValueSpecification","valueRequired":true,"valueName":"search_term_string"}}],"inLanguage":"en-US"},{"@type":"Organization","@id":"https:\/\/www.obviousworks.ch\/#organization","name":"Obvious Works","url":"https:\/\/www.obviousworks.ch\/","logo":{"@type":"ImageObject","inLanguage":"en-US","@id":"https:\/\/www.obviousworks.ch\/#\/schema\/logo\/image\/","url":"https:\/\/www.obviousworks.ch\/wp-content\/uploads\/2023\/01\/cropped-9952_ObviousWorks_Logo_DA_01.png","contentUrl":"https:\/\/www.obviousworks.ch\/wp-content\/uploads\/2023\/01\/cropped-9952_ObviousWorks_Logo_DA_01.png","width":2980,"height":1164,"caption":"Obvious Works"},"image":{"@id":"https:\/\/www.obviousworks.ch\/#\/schema\/logo\/image\/"},"sameAs":["https:\/\/linkedin.com\/company\/obviousworks"]}]}},"_links":{"self":[{"href":"https:\/\/www.obviousworks.ch\/en\/wp-json\/wp\/v2\/pages\/1062","targetHints":{"allow":["GET"]}}],"collection":[{"href":"https:\/\/www.obviousworks.ch\/en\/wp-json\/wp\/v2\/pages"}],"about":[{"href":"https:\/\/www.obviousworks.ch\/en\/wp-json\/wp\/v2\/types\/page"}],"author":[{"embeddable":true,"href":"https:\/\/www.obviousworks.ch\/en\/wp-json\/wp\/v2\/users\/1"}],"replies":[{"embeddable":true,"href":"https:\/\/www.obviousworks.ch\/en\/wp-json\/wp\/v2\/comments?post=1062"}],"version-history":[{"count":14,"href":"https:\/\/www.obviousworks.ch\/en\/wp-json\/wp\/v2\/pages\/1062\/revisions"}],"predecessor-version":[{"id":4854,"href":"https:\/\/www.obviousworks.ch\/en\/wp-json\/wp\/v2\/pages\/1062\/revisions\/4854"}],"wp:attachment":[{"href":"https:\/\/www.obviousworks.ch\/en\/wp-json\/wp\/v2\/media?parent=1062"}],"curies":[{"name":"wp","href":"https:\/\/api.w.org\/{rel}","templated":true}]}}