{"id":2555,"date":"2025-02-27T13:39:03","date_gmt":"2025-02-27T12:39:03","guid":{"rendered":"https:\/\/www.obviousworks.ch\/?page_id=2555"},"modified":"2025-02-27T13:43:38","modified_gmt":"2025-02-27T12:43:38","slug":"job-openings","status":"publish","type":"page","link":"https:\/\/www.obviousworks.ch\/en\/job-openings\/","title":{"rendered":"Job Openings"},"content":{"rendered":"\n[et_pb_section fb_built=&#187;1&#8243; fullwidth=&#187;on&#187; admin_label=&#187;Hero Section&#187; _builder_version=&#187;4.27.4&#8243; background_color=&#187;RGBA(255,255,255,0)&#187; background_image=&#187;https:\/\/www.obviousworks.ch\/wp-content\/uploads\/2025\/02\/hunters-race-MYbhN8KaaEc-unsplash-scaled.jpg&#187; parallax=&#187;on&#187; custom_padding=&#187;|||&#187; hover_enabled=&#187;0&#8243; border_color_all=&#187;#D1922E&#187; global_colors_info=&#187;{}&#187; title_text=&#187;hunters-race-MYbhN8KaaEc-unsplash&#187; sticky_enabled=&#187;0&#8243;][et_pb_fullwidth_header title=&#187;Offene Stellen&#187; content_max_width=&#187;900px&#187; _builder_version=&#187;4.27.4&#8243; title_font=&#187;Poppins|600||on|||||&#187; title_font_size=&#187;18px&#187; title_letter_spacing=&#187;4px&#187; title_line_height=&#187;1.8em&#187; content_font=&#187;||||||||&#187; subhead_font=&#187;Raleway|700|||||||&#187; subhead_font_size=&#187;50px&#187; subhead_line_height=&#187;1.4em&#187; background_color=&#187;rgba(126,190,197,0)&#187; use_background_color_gradient=&#187;on&#187; background_color_gradient_direction=&#187;90deg&#187; background_color_gradient_stops=&#187;#13658a 32%|rgba(19,101,138,0.56) 79%&#187; background_color_gradient_overlays_image=&#187;on&#187; custom_button_one=&#187;on&#187; button_one_text_size=&#187;14px&#187; button_one_bg_color=&#187;#29cb8b&#187; button_one_border_width=&#187;12px&#187; button_one_border_color=&#187;#29cb8b&#187; button_one_letter_spacing=&#187;2px&#187; button_one_font=&#187;Poppins|600||on|||||&#187; button_one_icon=&#187;&#x24;||divi||400&#8243; custom_button_two=&#187;on&#187; button_two_text_size=&#187;14px&#187; button_two_text_color=&#187;#29cb8b&#187; button_two_bg_color=&#187;#ffffff&#187; button_two_border_width=&#187;12px&#187; button_two_border_color=&#187;#ffffff&#187; button_two_letter_spacing=&#187;2px&#187; button_two_font=&#187;Poppins|600||on|||||&#187; button_two_icon=&#187;&#x24;||divi||400&#8243; custom_padding=&#187;80px||18vw|&#187; hover_enabled=&#187;0&#8243; content_font_size_last_edited=&#187;off|desktop&#187; subhead_font_size_tablet=&#187;40px&#187; subhead_font_size_phone=&#187;30px&#187; subhead_font_size_last_edited=&#187;on|desktop&#187; button_one_letter_spacing_hover=&#187;2px&#187; button_two_letter_spacing_hover=&#187;2px&#187; global_colors_info=&#187;{}&#187; button_one_text_size__hover_enabled=&#187;off&#187; button_two_text_size__hover_enabled=&#187;off&#187; button_one_text_color__hover_enabled=&#187;off&#187; button_two_text_color__hover_enabled=&#187;off&#187; button_one_border_width__hover_enabled=&#187;off&#187; button_two_border_width__hover_enabled=&#187;off&#187; button_one_border_color__hover_enabled=&#187;off&#187; button_two_border_color__hover_enabled=&#187;off&#187; button_one_border_radius__hover_enabled=&#187;off&#187; button_two_border_radius__hover_enabled=&#187;off&#187; button_one_letter_spacing__hover_enabled=&#187;on&#187; button_one_letter_spacing__hover=&#187;2px&#187; button_two_letter_spacing__hover_enabled=&#187;on&#187; button_two_letter_spacing__hover=&#187;2px&#187; button_one_bg_color__hover_enabled=&#187;off&#187; button_two_bg_color__hover_enabled=&#187;off&#187; background_overlay_color__hover_enabled=&#187;off|desktop&#187; logo_image_url__hover_enabled=&#187;off|desktop&#187; sticky_enabled=&#187;0&#8243;][\/et_pb_fullwidth_header][\/et_pb_section][et_pb_section fb_built=&#187;1&#8243; admin_label=&#187;Section&#187; _builder_version=&#187;4.16&#8243; custom_margin=&#187;||50px||false&#187; custom_margin_tablet=&#187;&#187; custom_margin_phone=&#187;||0px|&#187; custom_margin_last_edited=&#187;on|phone&#187; custom_padding=&#187;0px||0||false|false&#187; global_colors_info=&#187;{}&#187;][et_pb_row _builder_version=&#187;4.16&#8243; width=&#187;100%&#187; max_width=&#187;100%&#187; custom_margin=&#187;|||&#187; custom_padding=&#187;27px|0px|27px|0px|false|false&#187; use_custom_width=&#187;on&#187; width_unit=&#187;off&#187; custom_width_percent=&#187;100%&#187; global_colors_info=&#187;{}&#187;][et_pb_column type=&#187;4_4&#8243; _builder_version=&#187;4.16&#8243; custom_padding=&#187;0px|||&#187; global_colors_info=&#187;{}&#187; custom_padding__hover=&#187;|||&#187;][et_pb_text _builder_version=&#187;4.27.4&#8243; text_font=&#187;Raleway|800|||||||&#187; text_font_size=&#187;22vw&#187; text_line_height=&#187;0.8em&#187; header_font=&#187;||||||||&#187; background_layout=&#187;dark&#187; custom_margin=&#187;-15vw|||-2%&#187; custom_margin_tablet=&#187;-19vw|||&#187; custom_margin_phone=&#187;&#187; custom_margin_last_edited=&#187;on|tablet&#187; animation_style=&#187;slide&#187; animation_direction=&#187;bottom&#187; animation_intensity_slide=&#187;5%&#187; animation_starting_opacity=&#187;100%&#187; hover_enabled=&#187;0&#8243; text_font_size_tablet=&#187;&#187; text_font_size_phone=&#187;&#187; text_font_size_last_edited=&#187;on|phone&#187; global_colors_info=&#187;{}&#187; sticky_enabled=&#187;0&#8243;]<p>Jobs<\/p>[\/et_pb_text][\/et_pb_column][\/et_pb_row][\/et_pb_section][et_pb_section fb_built=&#187;1&#8243; custom_padding_last_edited=&#187;off|desktop&#187; admin_label=&#187;About Section&#187; _builder_version=&#187;4.27.4&#8243; max_width=&#187;100%&#187; module_alignment=&#187;right&#187; custom_margin=&#187;||||false|false&#187; custom_padding=&#187;||||false|false&#187; custom_padding_tablet=&#187;||120px|&#187; hover_enabled=&#187;0&#8243; locked=&#187;off&#187; global_colors_info=&#187;{}&#187; sticky_enabled=&#187;0&#8243;][et_pb_row _builder_version=&#187;4.27.4&#8243; custom_padding=&#187;|||&#187; animation_style=&#187;slide&#187; animation_direction=&#187;right&#187; animation_intensity_slide=&#187;1%&#187; locked=&#187;off&#187; global_colors_info=&#187;{}&#187;][et_pb_column type=&#187;4_4&#8243; _builder_version=&#187;4.16&#8243; custom_padding=&#187;|||&#187; global_colors_info=&#187;{}&#187; custom_padding__hover=&#187;|||&#187;][et_pb_text _builder_version=&#187;4.27.4&#8243; text_font=&#187;|700|||||||&#187; text_text_color=&#187;#000000&#8243; header_font=&#187;||||||||&#187; header_text_color=&#187;#FFFFFF&#187; header_2_font=&#187;Raleway|700|||||||&#187; header_2_font_size=&#187;56px&#187; header_2_line_height=&#187;1.4em&#187; custom_margin=&#187;||20px|&#187; hover_enabled=&#187;0&#8243; header_2_font_size_tablet=&#187;36px&#187; header_2_font_size_phone=&#187;&#187; header_2_font_size_last_edited=&#187;on|desktop&#187; global_colors_info=&#187;{}&#187; header_font_size=&#187;50px&#187; text_font_size=&#187;50px&#187; text_line_height=&#187;1.2em&#187; sticky_enabled=&#187;0&#8243;]<p>Schlie\u00dfen Sie sich der KI-Revolution bei Obvious Works an!<\/p>[\/et_pb_text][et_pb_divider color=&#187;gcid-secondary-color&#187; divider_weight=&#187;3px&#187; _builder_version=&#187;4.27.4&#8243; max_width=&#187;50px&#187; hover_enabled=&#187;0&#8243; global_colors_info=&#187;{%22gcid-secondary-color%22:%91%22color%22%93}&#187; sticky_enabled=&#187;0&#8243;][\/et_pb_divider][et_pb_text _builder_version=&#187;4.27.4&#8243; text_font=&#187;Poppins||||||||&#187; text_text_color=&#187;#000000&#8243; text_font_size=&#187;16px&#187; text_line_height=&#187;1.8em&#187; header_text_color=&#187;#FFFFFF&#187; hover_enabled=&#187;0&#8243; global_colors_info=&#187;{}&#187; sticky_enabled=&#187;0&#8243;]<p>Wir sind kein gew\u00f6hnliches Technologieunternehmen &#8211; wir sind Pioniere an der Schnittstelle zwischen k\u00fcnstlicher Intelligenz und gesch\u00e4ftlicher Innovation. Wir suchen brillante K\u00f6pfe, die es wagen, sich neu vorzustellen, was mit KI m\u00f6glich ist.<\/p>\n<p>Egal, ob Sie ein Programmiergenie, ein strategischer Denker oder ein kreativer Probleml\u00f6ser sind, wir bieten Ihnen spannende M\u00f6glichkeiten, die Zukunft der KI-Beratung zu gestalten. Bei Obvious Works arbeiten Sie mit Spitzentechnologien, kooperieren mit Branchenexperten und tragen dazu bei, dass Unternehmen die Macht der KI f\u00fcr sich nutzen k\u00f6nnen.<\/p>\n<p>Sind Sie bereit, in der Welt der KI Ihren Beitrag zu leisten? Informieren Sie sich \u00fcber unsere aktuellen Stellenangebote und werden Sie Teil eines Teams, das KI-M\u00f6glichkeiten in gesch\u00e4ftliche Realit\u00e4t umsetzt! \ud83c\udf1f<\/p>[\/et_pb_text][\/et_pb_column][\/et_pb_row][\/et_pb_section][et_pb_section fb_built=&#187;1&#8243; _builder_version=&#187;4.27.4&#8243; _module_preset=&#187;default&#187; locked=&#187;off&#187; global_colors_info=&#187;{}&#187;][et_pb_row _builder_version=&#187;4.27.4&#8243; _module_preset=&#187;default&#187; global_colors_info=&#187;{}&#187;][et_pb_column type=&#187;4_4&#8243; _builder_version=&#187;4.27.4&#8243; _module_preset=&#187;default&#187; global_colors_info=&#187;{}&#187;][et_pb_code _builder_version=&#187;4.27.4&#8243; _module_preset=&#187;default&#187; global_colors_info=&#187;{}&#187;]\t<div class=\"awsm-job-wrap\">\n\n\t\t<div class=\"awsm-filter-wrap\"><form action=\"https:\/\/www.obviousworks.ch\/wp-admin\/admin-ajax.php\" method=\"POST\"><div class=\"awsm-filter-item-search\"><div class=\"awsm-filter-item-search-in\"><label for=\"awsm-jq-1\" class=\"awsm-sr-only\">Search<\/label><input type=\"text\" id=\"awsm-jq-1\" name=\"jq\" value=\"\" placeholder=\"Search\" class=\"awsm-job-search awsm-job-form-control\"><span class=\"awsm-job-search-btn awsm-job-search-icon-wrapper\"><i class=\"awsm-job-icon-search\"><\/i><\/span><span class=\"awsm-job-search-close-btn awsm-job-search-icon-wrapper awsm-job-hide\"><i class=\"awsm-job-icon-close-circle\"><\/i><\/span><\/div><\/div><a href=\"#\" class=\"awsm-filter-toggle\" role=\"button\" aria-pressed=\"false\"><span class=\"awsm-filter-toggle-text-wrapper awsm-sr-only\">Filter by<\/span><svg width=\"100\" height=\"100\" viewBox=\"0 0 100 100\" xmlns=\"http:\/\/www.w3.org\/2000\/svg\" version=\"1.1\" preserveAspectRatio=\"xMinYMin\"><path xmlns=\"http:\/\/www.w3.org\/2000\/svg\" fill=\"rgb(9.803922%,9.803922%,9.803922%)\" d=\"M 36.417969 19.9375 L 36.417969 17.265625 C 36.417969 16.160156 35.523438 15.265625 34.417969 15.265625 L 21.578125 15.265625 C 20.476562 15.265625 19.578125 16.160156 19.578125 17.265625 L 19.578125 19.9375 L 11 19.9375 L 11 26.9375 L 19.578125 26.9375 L 19.578125 30.105469 C 19.578125 31.210938 20.476562 32.105469 21.578125 32.105469 L 34.417969 32.105469 C 35.523438 32.105469 36.417969 31.210938 36.417969 30.105469 L 36.417969 26.9375 L 89 26.9375 L 89 19.9375 Z M 58.421875 43.578125 C 58.421875 42.476562 57.527344 41.578125 56.421875 41.578125 L 43.582031 41.578125 C 42.480469 41.578125 41.582031 42.476562 41.582031 43.578125 L 41.582031 46.5 L 11 46.5 L 11 53.5 L 41.582031 53.5 L 41.582031 56.421875 C 41.582031 57.527344 42.480469 58.421875 43.582031 58.421875 L 56.421875 58.421875 C 57.527344 58.421875 58.421875 57.527344 58.421875 56.421875 L 58.421875 53.5 L 89 53.5 L 89 46.5 L 58.421875 46.5 Z M 80.417969 70.140625 C 80.417969 69.035156 79.523438 68.140625 78.417969 68.140625 L 65.578125 68.140625 C 64.476562 68.140625 63.578125 69.035156 63.578125 70.140625 L 63.578125 73.0625 L 11 73.0625 L 11 80.0625 L 63.578125 80.0625 L 63.578125 82.984375 C 63.578125 84.085938 64.476562 84.984375 65.578125 84.984375 L 78.417969 84.984375 C 79.523438 84.984375 80.417969 84.085938 80.417969 82.984375 L 80.417969 80.0625 L 89 80.0625 L 89 73.0625 L 80.417969 73.0625 Z M 80.417969 70.140625\"\/><\/svg><\/a><div class=\"awsm-filter-items\"><div class=\"awsm-filter-item\" data-filter=\"job__category_spec\"><label for=\"awsm-job-category-filter-option-1\" class=\"awsm-sr-only\">All Job Category<\/label><select name=\"awsm_job_spec[job-category]\" class=\"awsm-filter-option awsm-job-category-filter-option\" id=\"awsm-job-category-filter-option-1\" aria-label=\"All Job Category\"><option value=\"\">All Job Category<\/option><option value=\"26\" data-slug=\"ai\">AI<\/option><option value=\"24\" data-slug=\"content-creation\">Content Creation<\/option><option value=\"23\" data-slug=\"social-media\">Social Media<\/option><option value=\"27\" data-slug=\"training\">Training<\/option><\/select><\/div><div class=\"awsm-filter-item\" data-filter=\"job__location_spec\"><label for=\"awsm-job-location-filter-option-1\" class=\"awsm-sr-only\">All Job Location<\/label><select name=\"awsm_job_spec[job-location]\" class=\"awsm-filter-option awsm-job-location-filter-option\" id=\"awsm-job-location-filter-option-1\" aria-label=\"All Job Location\"><option value=\"\">All Job Location<\/option><option value=\"25\" data-slug=\"zurich\">Zurich<\/option><\/select><\/div><\/div><input type=\"hidden\" name=\"action\" value=\"jobfilter\"><\/form><\/div>\n\t\t<div class=\"awsm-job-listings awsm-row awsm-grid-col-3\" data-listings=\"9\">\n\t\t\t\t\t<div class=\"awsm-job-listing-item awsm-grid-item\" id=\"awsm-grid-item-2426\">\t\t<a href=\"https:\/\/www.obviousworks.ch\/en\/job\/passionate-ai-trainer-technical-explorer-wanted\/\" class=\"awsm-job-item\">\t\t\t<div class=\"awsm-grid-left-col\">\n\t\t\t\t\n\t\t\t\t\n\t\t\t\t<h2 class=\"awsm-job-post-title\">\n\t\t\t\t\tPassionate AI Trainer &amp; Technical Explorer Wanted!\t\t\t\t<\/h2>\n\n\t\t\t\t\t\t\t<\/div>\n\n\t\t\t<div class=\"awsm-grid-right-col\">\n\t\t\t\t<div class=\"awsm-job-specification-wrapper\"><div class=\"awsm-job-specification-item awsm-job-specification-job-category\"><span class=\"awsm-job-specification-term\">AI<\/span> <span class=\"awsm-job-specification-term\">Training<\/span> <\/div><div class=\"awsm-job-specification-item awsm-job-specification-job-location\"><span class=\"awsm-job-specification-term\">Zurich<\/span> <\/div><\/div><div class=\"awsm-job-more-container\"><span class=\"awsm-job-more\">More Details <span><\/span><\/span><\/div>\t\t\t<\/div>\n\t\t<\/a>\t<\/div><div class=\"awsm-job-listing-item awsm-grid-item\" id=\"awsm-grid-item-2422\">\t\t<a href=\"https:\/\/www.obviousworks.ch\/en\/job\/content-wizard-ai-explorer-wanted-student-position\/\" class=\"awsm-job-item\">\t\t\t<div class=\"awsm-grid-left-col\">\n\t\t\t\t\n\t\t\t\t\n\t\t\t\t<h2 class=\"awsm-job-post-title\">\n\t\t\t\t\tContent Wizard &amp; AI Explorer Wanted! (Student Position)\t\t\t\t<\/h2>\n\n\t\t\t\t\t\t\t<\/div>\n\n\t\t\t<div class=\"awsm-grid-right-col\">\n\t\t\t\t<div class=\"awsm-job-specification-wrapper\"><div class=\"awsm-job-specification-item awsm-job-specification-job-category\"><span class=\"awsm-job-specification-term\">Content Creation<\/span> <span class=\"awsm-job-specification-term\">Social Media<\/span> <\/div><div class=\"awsm-job-specification-item awsm-job-specification-job-location\"><span class=\"awsm-job-specification-term\">Zurich<\/span> <\/div><\/div><div class=\"awsm-job-more-container\"><span class=\"awsm-job-more\">More Details <span><\/span><\/span><\/div>\t\t\t<\/div>\n\t\t<\/a>\t<\/div>\t\t\t\t<\/div>\n\t<\/div>\n[\/et_pb_code][\/et_pb_column][\/et_pb_row][\/et_pb_section]\n","protected":false},"excerpt":{"rendered":"","protected":false},"author":1,"featured_media":0,"parent":0,"menu_order":0,"comment_status":"closed","ping_status":"closed","template":"","meta":{"_et_pb_use_builder":"on","_et_pb_old_content":"","_et_gb_content_width":"","footnotes":""},"class_list":["post-2555","page","type-page","status-publish","hentry"],"yoast_head":"<!-- This site is optimized with the Yoast SEO plugin v27.4 - https:\/\/yoast.com\/product\/yoast-seo-wordpress\/ -->\n<title>Jobs Obvious Works<\/title>\n<meta name=\"description\" content=\"Schlie\u00dfen Sie sich der KI-Revolution bei Obvious Works an!\" \/>\n<meta name=\"robots\" content=\"index, follow, max-snippet:-1, max-image-preview:large, max-video-preview:-1\" \/>\n<link rel=\"canonical\" href=\"https:\/\/www.obviousworks.ch\/en\/job-openings\/\" \/>\n<meta property=\"og:locale\" content=\"en_US\" \/>\n<meta property=\"og:type\" content=\"article\" \/>\n<meta property=\"og:title\" content=\"Jobs Obvious Works\" \/>\n<meta property=\"og:description\" content=\"Schlie\u00dfen Sie sich der KI-Revolution bei Obvious Works an!\" \/>\n<meta property=\"og:url\" content=\"https:\/\/www.obviousworks.ch\/en\/job-openings\/\" \/>\n<meta property=\"og:site_name\" content=\"Obvious Works\" \/>\n<meta property=\"article:modified_time\" content=\"2025-02-27T12:43:38+00:00\" \/>\n<meta property=\"og:image\" content=\"https:\/\/www.obviousworks.ch\/wp-content\/uploads\/2023\/05\/OW-Logo-Social-Share-LinkedIn.png\" \/>\n\t<meta property=\"og:image:width\" content=\"1200\" \/>\n\t<meta property=\"og:image:height\" content=\"627\" \/>\n\t<meta property=\"og:image:type\" content=\"image\/png\" \/>\n<meta name=\"twitter:card\" content=\"summary_large_image\" \/>\n<meta name=\"twitter:label1\" content=\"Est. reading time\" \/>\n\t<meta name=\"twitter:data1\" content=\"1 minute\" \/>\n<script type=\"application\/ld+json\" class=\"yoast-schema-graph\">{\"@context\":\"https:\\\/\\\/schema.org\",\"@graph\":[{\"@type\":\"WebPage\",\"@id\":\"https:\\\/\\\/www.obviousworks.ch\\\/job-openings\\\/\",\"url\":\"https:\\\/\\\/www.obviousworks.ch\\\/job-openings\\\/\",\"name\":\"Jobs Obvious Works\",\"isPartOf\":{\"@id\":\"https:\\\/\\\/www.obviousworks.ch\\\/#website\"},\"datePublished\":\"2025-02-27T12:39:03+00:00\",\"dateModified\":\"2025-02-27T12:43:38+00:00\",\"description\":\"Schlie\u00dfen Sie sich der KI-Revolution bei Obvious Works an!\",\"breadcrumb\":{\"@id\":\"https:\\\/\\\/www.obviousworks.ch\\\/job-openings\\\/#breadcrumb\"},\"inLanguage\":\"en-US\",\"potentialAction\":[{\"@type\":\"ReadAction\",\"target\":[\"https:\\\/\\\/www.obviousworks.ch\\\/job-openings\\\/\"]}]},{\"@type\":\"BreadcrumbList\",\"@id\":\"https:\\\/\\\/www.obviousworks.ch\\\/job-openings\\\/#breadcrumb\",\"itemListElement\":[{\"@type\":\"ListItem\",\"position\":1,\"name\":\"Home\",\"item\":\"https:\\\/\\\/www.obviousworks.ch\\\/\"},{\"@type\":\"ListItem\",\"position\":2,\"name\":\"Job Openings\"}]},{\"@type\":\"WebSite\",\"@id\":\"https:\\\/\\\/www.obviousworks.ch\\\/#website\",\"url\":\"https:\\\/\\\/www.obviousworks.ch\\\/\",\"name\":\"Obvious Works\",\"description\":\"Dein Partner f\u00fcr KI, Requirements &amp; Agilit\u00e4t\",\"publisher\":{\"@id\":\"https:\\\/\\\/www.obviousworks.ch\\\/#organization\"},\"potentialAction\":[{\"@type\":\"SearchAction\",\"target\":{\"@type\":\"EntryPoint\",\"urlTemplate\":\"https:\\\/\\\/www.obviousworks.ch\\\/?s={search_term_string}\"},\"query-input\":{\"@type\":\"PropertyValueSpecification\",\"valueRequired\":true,\"valueName\":\"search_term_string\"}}],\"inLanguage\":\"en-US\"},{\"@type\":\"Organization\",\"@id\":\"https:\\\/\\\/www.obviousworks.ch\\\/#organization\",\"name\":\"Obvious Works\",\"url\":\"https:\\\/\\\/www.obviousworks.ch\\\/\",\"logo\":{\"@type\":\"ImageObject\",\"inLanguage\":\"en-US\",\"@id\":\"https:\\\/\\\/www.obviousworks.ch\\\/#\\\/schema\\\/logo\\\/image\\\/\",\"url\":\"https:\\\/\\\/www.obviousworks.ch\\\/wp-content\\\/uploads\\\/2023\\\/01\\\/cropped-9952_ObviousWorks_Logo_DA_01.png\",\"contentUrl\":\"https:\\\/\\\/www.obviousworks.ch\\\/wp-content\\\/uploads\\\/2023\\\/01\\\/cropped-9952_ObviousWorks_Logo_DA_01.png\",\"width\":2980,\"height\":1164,\"caption\":\"Obvious Works\"},\"image\":{\"@id\":\"https:\\\/\\\/www.obviousworks.ch\\\/#\\\/schema\\\/logo\\\/image\\\/\"},\"sameAs\":[\"https:\\\/\\\/linkedin.com\\\/company\\\/obviousworks\"]}]}<\/script>\n<!-- \/ Yoast SEO plugin. -->","yoast_head_json":{"title":"Jobs Obvious Works","description":"Join the AI revolution at Obvious Works!","robots":{"index":"index","follow":"follow","max-snippet":"max-snippet:-1","max-image-preview":"max-image-preview:large","max-video-preview":"max-video-preview:-1"},"canonical":"https:\/\/www.obviousworks.ch\/en\/job-openings\/","og_locale":"en_US","og_type":"article","og_title":"Jobs Obvious Works","og_description":"Schlie\u00dfen Sie sich der KI-Revolution bei Obvious Works an!","og_url":"https:\/\/www.obviousworks.ch\/en\/job-openings\/","og_site_name":"Obvious Works","article_modified_time":"2025-02-27T12:43:38+00:00","og_image":[{"width":1200,"height":627,"url":"https:\/\/www.obviousworks.ch\/wp-content\/uploads\/2023\/05\/OW-Logo-Social-Share-LinkedIn.png","type":"image\/png"}],"twitter_card":"summary_large_image","twitter_misc":{"Est. reading time":"1 minute"},"schema":{"@context":"https:\/\/schema.org","@graph":[{"@type":"WebPage","@id":"https:\/\/www.obviousworks.ch\/job-openings\/","url":"https:\/\/www.obviousworks.ch\/job-openings\/","name":"Jobs Obvious Works","isPartOf":{"@id":"https:\/\/www.obviousworks.ch\/#website"},"datePublished":"2025-02-27T12:39:03+00:00","dateModified":"2025-02-27T12:43:38+00:00","description":"Join the AI revolution at Obvious Works!","breadcrumb":{"@id":"https:\/\/www.obviousworks.ch\/job-openings\/#breadcrumb"},"inLanguage":"en-US","potentialAction":[{"@type":"ReadAction","target":["https:\/\/www.obviousworks.ch\/job-openings\/"]}]},{"@type":"BreadcrumbList","@id":"https:\/\/www.obviousworks.ch\/job-openings\/#breadcrumb","itemListElement":[{"@type":"ListItem","position":1,"name":"Home","item":"https:\/\/www.obviousworks.ch\/"},{"@type":"ListItem","position":2,"name":"Job Openings"}]},{"@type":"WebSite","@id":"https:\/\/www.obviousworks.ch\/#website","url":"https:\/\/www.obviousworks.ch\/","name":"Obvious Works","description":"Your partner for AI, requirements &amp; agility","publisher":{"@id":"https:\/\/www.obviousworks.ch\/#organization"},"potentialAction":[{"@type":"SearchAction","target":{"@type":"EntryPoint","urlTemplate":"https:\/\/www.obviousworks.ch\/?s={search_term_string}"},"query-input":{"@type":"PropertyValueSpecification","valueRequired":true,"valueName":"search_term_string"}}],"inLanguage":"en-US"},{"@type":"Organization","@id":"https:\/\/www.obviousworks.ch\/#organization","name":"Obvious Works","url":"https:\/\/www.obviousworks.ch\/","logo":{"@type":"ImageObject","inLanguage":"en-US","@id":"https:\/\/www.obviousworks.ch\/#\/schema\/logo\/image\/","url":"https:\/\/www.obviousworks.ch\/wp-content\/uploads\/2023\/01\/cropped-9952_ObviousWorks_Logo_DA_01.png","contentUrl":"https:\/\/www.obviousworks.ch\/wp-content\/uploads\/2023\/01\/cropped-9952_ObviousWorks_Logo_DA_01.png","width":2980,"height":1164,"caption":"Obvious Works"},"image":{"@id":"https:\/\/www.obviousworks.ch\/#\/schema\/logo\/image\/"},"sameAs":["https:\/\/linkedin.com\/company\/obviousworks"]}]}},"_links":{"self":[{"href":"https:\/\/www.obviousworks.ch\/en\/wp-json\/wp\/v2\/pages\/2555","targetHints":{"allow":["GET"]}}],"collection":[{"href":"https:\/\/www.obviousworks.ch\/en\/wp-json\/wp\/v2\/pages"}],"about":[{"href":"https:\/\/www.obviousworks.ch\/en\/wp-json\/wp\/v2\/types\/page"}],"author":[{"embeddable":true,"href":"https:\/\/www.obviousworks.ch\/en\/wp-json\/wp\/v2\/users\/1"}],"replies":[{"embeddable":true,"href":"https:\/\/www.obviousworks.ch\/en\/wp-json\/wp\/v2\/comments?post=2555"}],"version-history":[{"count":3,"href":"https:\/\/www.obviousworks.ch\/en\/wp-json\/wp\/v2\/pages\/2555\/revisions"}],"predecessor-version":[{"id":2568,"href":"https:\/\/www.obviousworks.ch\/en\/wp-json\/wp\/v2\/pages\/2555\/revisions\/2568"}],"wp:attachment":[{"href":"https:\/\/www.obviousworks.ch\/en\/wp-json\/wp\/v2\/media?parent=2555"}],"curies":[{"name":"wp","href":"https:\/\/api.w.org\/{rel}","templated":true}]}}