{"id":4370,"date":"2025-11-24T17:17:42","date_gmt":"2025-11-24T16:17:42","guid":{"rendered":"https:\/\/www.obviousworks.ch\/?page_id=4370"},"modified":"2026-04-02T15:30:21","modified_gmt":"2026-04-02T13:30:21","slug":"llm-navigator-which-ki-for-what","status":"publish","type":"page","link":"https:\/\/www.obviousworks.ch\/en\/llm-navigator-welche-ki-fuer-was\/","title":{"rendered":"LLM Navigator - Which AI for what"},"content":{"rendered":"<p>[et_pb_section fb_built=&#187;1&#8243; _builder_version=&#187;4.27.4&#8243; _module_preset=&#187;default&#187; background_color=&#187;#f9fafd&#187; global_colors_info=&#187;{}&#187;][et_pb_row _builder_version=&#187;4.27.6&#8243; _module_preset=&#187;default&#187; custom_margin=&#187;|auto||auto|false|false&#187; hover_enabled=&#187;0&#8243; global_colors_info=&#187;{}&#187; width=&#187;95%&#187; sticky_enabled=&#187;0&#8243;][et_pb_column type=&#187;4_4&#8243; _builder_version=&#187;4.27.4&#8243; _module_preset=&#187;default&#187; global_colors_info=&#187;{}&#187;][et_pb_code _builder_version=&#187;4.27.6&#8243; _module_preset=&#187;default&#187; hover_enabled=&#187;0&#8243; global_colors_info=&#187;{}&#187; sticky_enabled=&#187;0&#8243;]<base href=\"\/llm-navigator-welche-ki-fuer-was\/\"><!-- [et_pb_line_break_holder] --><!-- [et_pb_line_break_holder] --><link rel=\"stylesheet\" crossorigin href=\"https:\/\/www.obviousworks.ch\/upload\/llm-nav\/style5.css\"><!-- [et_pb_line_break_holder] --><!-- [et_pb_line_break_holder] -->    <script type=\"module\" crossorigin src=\"https:\/\/www.obviousworks.ch\/upload\/llm-nav\/script5-fixed.js\"  charset=\"utf-8\"><\/script><!-- [et_pb_line_break_holder] -->    <\/p>\n<div id=\"root\"><\/div>\n<p><!-- [et_pb_line_break_holder] --><!-- [et_pb_line_break_holder] --><!-- [et_pb_line_break_holder] --><!-- [et_pb_line_break_holder] --><g mask=\"url(#mask0_19703_15608)\"><!-- [et_pb_line_break_holder] --><g filter=\"url(#filter0_f_19703_15608)\"><!-- [et_pb_line_break_holder] --><circle cx=\"8.63157\" cy=\"11.5658\" r=\"13.3199\" fill=\"#4B73FF\"\/><!-- [et_pb_line_break_holder] --><\/g><!-- [et_pb_line_break_holder] --><g filter=\"url(#filter1_f_19703_15608)\"><!-- [et_pb_line_break_holder] --><ellipse cx=\"10.0949\" cy=\"4.25612\" rx=\"17.0591\" ry=\"13.3199\" fill=\"#FF66F4\"\/><!-- [et_pb_line_break_holder] --><\/g><!-- [et_pb_line_break_holder] --><g filter=\"url(#filter2_f_19703_15608)\"><!-- [et_pb_line_break_holder] --><ellipse cx=\"12.8775\" cy=\"1.74957\" rx=\"13.3199\" ry=\"11.6977\" fill=\"#FF0105\"\/><!-- [et_pb_line_break_holder] --><\/g><!-- [et_pb_line_break_holder] --><g filter=\"url(#filter3_f_19703_15608)\"><!-- [et_pb_line_break_holder] --><circle cx=\"10.3319\" cy=\"4.25254\" r=\"8.01052\" fill=\"#FE7B02\"\/><!-- [et_pb_line_break_holder] --><\/g><!-- [et_pb_line_break_holder] --><\/g><!-- [et_pb_line_break_holder] --><defs><!-- [et_pb_line_break_holder] --><filter id=\"filter0_f_19703_15608\" x=\"-10.6577\" y=\"-7.72354\" width=\"38.5786\" height=\"38.5786\" filterUnits=\"userSpaceOnUse\" color-interpolation-filters=\"sRGB\"><!-- [et_pb_line_break_holder] --><feFlood flood-opacity=\"0\" result=\"BackgroundImageFix\"\/><!-- [et_pb_line_break_holder] --><feBlend mode=\"normal\" in=\"SourceGraphic\" in2=\"BackgroundImageFix\" result=\"shape\"\/><!-- [et_pb_line_break_holder] --><feGaussianBlur stdDeviation=\"2.98472\" result=\"effect1_foregroundBlur_19703_15608\"\/><!-- [et_pb_line_break_holder] --><\/filter><!-- [et_pb_line_break_holder] --><filter id=\"filter1_f_19703_15608\" x=\"-12.9337\" y=\"-15.0332\" width=\"46.057\" height=\"38.5786\" filterUnits=\"userSpaceOnUse\" color-interpolation-filters=\"sRGB\"><!-- [et_pb_line_break_holder] --><feFlood flood-opacity=\"0\" result=\"BackgroundImageFix\"\/><!-- [et_pb_line_break_holder] --><feBlend mode=\"normal\" in=\"SourceGraphic\" in2=\"BackgroundImageFix\" result=\"shape\"\/><!-- [et_pb_line_break_holder] --><feGaussianBlur stdDeviation=\"2.98472\" result=\"effect1_foregroundBlur_19703_15608\"\/><!-- [et_pb_line_break_holder] --><\/filter><!-- [et_pb_line_break_holder] --><filter id=\"filter2_f_19703_15608\" x=\"-6.41182\" y=\"-15.9176\" width=\"38.5786\" height=\"35.3342\" filterUnits=\"userSpaceOnUse\" color-interpolation-filters=\"sRGB\"><!-- [et_pb_line_break_holder] --><feFlood flood-opacity=\"0\" result=\"BackgroundImageFix\"\/><!-- [et_pb_line_break_holder] --><feBlend mode=\"normal\" in=\"SourceGraphic\" in2=\"BackgroundImageFix\" result=\"shape\"\/><!-- [et_pb_line_break_holder] --><feGaussianBlur stdDeviation=\"2.98472\" result=\"effect1_foregroundBlur_19703_15608\"\/><!-- [et_pb_line_break_holder] --><\/filter><!-- [et_pb_line_break_holder] --><filter id=\"filter3_f_19703_15608\" x=\"-3.64803\" y=\"-9.72742\" width=\"27.9599\" height=\"27.9599\" filterUnits=\"userSpaceOnUse\" color-interpolation-filters=\"sRGB\"><!-- [et_pb_line_break_holder] --><feFlood flood-opacity=\"0\" result=\"BackgroundImageFix\"\/><!-- [et_pb_line_break_holder] --><feBlend mode=\"normal\" in=\"SourceGraphic\" in2=\"BackgroundImageFix\" result=\"shape\"\/><!-- [et_pb_line_break_holder] --><feGaussianBlur stdDeviation=\"2.98472\" result=\"effect1_foregroundBlur_19703_15608\"\/><!-- [et_pb_line_break_holder] --><\/filter><!-- [et_pb_line_break_holder] --><linearGradient id=\"paint0_linear_19703_15608\" x1=\"6.62168\" y1=\"4.40129\" x2=\"12.6165\" y2=\"20.8863\" gradientUnits=\"userSpaceOnUse\"><!-- [et_pb_line_break_holder] --><stop offset=\"0.025\" stop-color=\"#FF8E63\"\/><!-- [et_pb_line_break_holder] --><stop offset=\"0.56\" stop-color=\"#FF7EB0\"\/><!-- [et_pb_line_break_holder] --><stop offset=\"0.95\" stop-color=\"#4B73FF\"\/><!-- [et_pb_line_break_holder] --><\/linearGradient><!-- [et_pb_line_break_holder] --><\/defs><!-- [et_pb_line_break_holder] --><\/svg><!-- [et_pb_line_break_holder] --><!-- [et_pb_line_break_holder] --><!-- [et_pb_line_break_holder] -->[\/et_pb_code][\/et_pb_column][\/et_pb_row][\/et_pb_section]<\/p>\n","protected":false},"excerpt":{"rendered":"","protected":false},"author":1,"featured_media":0,"parent":0,"menu_order":0,"comment_status":"closed","ping_status":"closed","template":"","meta":{"_et_pb_use_builder":"on","_et_pb_old_content":"","_et_gb_content_width":"","footnotes":""},"class_list":["post-4370","page","type-page","status-publish","hentry"],"yoast_head":"<!-- This site is optimized with the Yoast SEO plugin v27.4 - https:\/\/yoast.com\/product\/yoast-seo-wordpress\/ -->\n<title>LLM Navigator - Welche KI f\u00fcr was - Obvious Works [EN]<\/title>\n<meta name=\"description\" content=\"Entdecken Sie unseren ausf\u00fchrlichen LLM Navigator (Stand: November 2025) mit den neuesten Benchmarks f\u00fchrender Sprach- und Multimodal-Modelle. Die strategische Entscheidungs\u00adhilfe f\u00fcr Ihre KI-Auswahl \u2013 pr\u00e4sentiert von Obvious Works.\" \/>\n<meta name=\"robots\" content=\"index, follow, max-snippet:-1, max-image-preview:large, max-video-preview:-1\" \/>\n<link rel=\"canonical\" href=\"https:\/\/www.obviousworks.ch\/en\/llm-navigator-which-ki-for-what\/\" \/>\n<meta property=\"og:locale\" content=\"en_US\" \/>\n<meta property=\"og:type\" content=\"article\" \/>\n<meta property=\"og:title\" content=\"LLM Navigator - Welche KI f\u00fcr was - Obvious Works [EN]\" \/>\n<meta property=\"og:description\" content=\"Entdecken Sie unseren ausf\u00fchrlichen LLM Navigator (Stand: November 2025) mit den neuesten Benchmarks f\u00fchrender Sprach- und Multimodal-Modelle. Die strategische Entscheidungs\u00adhilfe f\u00fcr Ihre KI-Auswahl \u2013 pr\u00e4sentiert von Obvious Works.\" \/>\n<meta property=\"og:url\" content=\"https:\/\/www.obviousworks.ch\/en\/llm-navigator-which-ki-for-what\/\" \/>\n<meta property=\"og:site_name\" content=\"Obvious Works\" \/>\n<meta property=\"article:modified_time\" content=\"2026-04-02T13:30:21+00:00\" \/>\n<meta name=\"twitter:card\" content=\"summary_large_image\" \/>\n<script type=\"application\/ld+json\" class=\"yoast-schema-graph\">{\"@context\":\"https:\\\/\\\/schema.org\",\"@graph\":[{\"@type\":\"WebPage\",\"@id\":\"https:\\\/\\\/www.obviousworks.ch\\\/llm-navigator-welche-ki-fuer-was\\\/\",\"url\":\"https:\\\/\\\/www.obviousworks.ch\\\/llm-navigator-welche-ki-fuer-was\\\/\",\"name\":\"LLM Navigator - Welche KI f\u00fcr was - Obvious Works [EN]\",\"isPartOf\":{\"@id\":\"https:\\\/\\\/www.obviousworks.ch\\\/#website\"},\"datePublished\":\"2025-11-24T16:17:42+00:00\",\"dateModified\":\"2026-04-02T13:30:21+00:00\",\"description\":\"Entdecken Sie unseren ausf\u00fchrlichen LLM Navigator (Stand: November 2025) mit den neuesten Benchmarks f\u00fchrender Sprach- und Multimodal-Modelle. Die strategische Entscheidungs\u00adhilfe f\u00fcr Ihre KI-Auswahl \u2013 pr\u00e4sentiert von Obvious Works.\",\"breadcrumb\":{\"@id\":\"https:\\\/\\\/www.obviousworks.ch\\\/llm-navigator-welche-ki-fuer-was\\\/#breadcrumb\"},\"inLanguage\":\"en-US\",\"potentialAction\":[{\"@type\":\"ReadAction\",\"target\":[\"https:\\\/\\\/www.obviousworks.ch\\\/llm-navigator-welche-ki-fuer-was\\\/\"]}]},{\"@type\":\"BreadcrumbList\",\"@id\":\"https:\\\/\\\/www.obviousworks.ch\\\/llm-navigator-welche-ki-fuer-was\\\/#breadcrumb\",\"itemListElement\":[{\"@type\":\"ListItem\",\"position\":1,\"name\":\"Home\",\"item\":\"https:\\\/\\\/www.obviousworks.ch\\\/\"},{\"@type\":\"ListItem\",\"position\":2,\"name\":\"LLM Navigator &#8211; Welche KI f\u00fcr was\"}]},{\"@type\":\"WebSite\",\"@id\":\"https:\\\/\\\/www.obviousworks.ch\\\/#website\",\"url\":\"https:\\\/\\\/www.obviousworks.ch\\\/\",\"name\":\"Obvious Works\",\"description\":\"Dein Partner f\u00fcr KI, Requirements &amp; Agilit\u00e4t\",\"publisher\":{\"@id\":\"https:\\\/\\\/www.obviousworks.ch\\\/#organization\"},\"potentialAction\":[{\"@type\":\"SearchAction\",\"target\":{\"@type\":\"EntryPoint\",\"urlTemplate\":\"https:\\\/\\\/www.obviousworks.ch\\\/?s={search_term_string}\"},\"query-input\":{\"@type\":\"PropertyValueSpecification\",\"valueRequired\":true,\"valueName\":\"search_term_string\"}}],\"inLanguage\":\"en-US\"},{\"@type\":\"Organization\",\"@id\":\"https:\\\/\\\/www.obviousworks.ch\\\/#organization\",\"name\":\"Obvious Works\",\"url\":\"https:\\\/\\\/www.obviousworks.ch\\\/\",\"logo\":{\"@type\":\"ImageObject\",\"inLanguage\":\"en-US\",\"@id\":\"https:\\\/\\\/www.obviousworks.ch\\\/#\\\/schema\\\/logo\\\/image\\\/\",\"url\":\"https:\\\/\\\/www.obviousworks.ch\\\/wp-content\\\/uploads\\\/2023\\\/01\\\/cropped-9952_ObviousWorks_Logo_DA_01.png\",\"contentUrl\":\"https:\\\/\\\/www.obviousworks.ch\\\/wp-content\\\/uploads\\\/2023\\\/01\\\/cropped-9952_ObviousWorks_Logo_DA_01.png\",\"width\":2980,\"height\":1164,\"caption\":\"Obvious Works\"},\"image\":{\"@id\":\"https:\\\/\\\/www.obviousworks.ch\\\/#\\\/schema\\\/logo\\\/image\\\/\"},\"sameAs\":[\"https:\\\/\\\/linkedin.com\\\/company\\\/obviousworks\"]}]}<\/script>\n<!-- \/ Yoast SEO plugin. -->","yoast_head_json":{"title":"LLM Navigator - Welche KI f\u00fcr was - Obvious Works [EN]","description":"Discover our detailed LLM Navigator (as of November 2025) with the latest benchmarks of leading voice and multimodal models. The strategic decision aid for your AI selection - presented by Obvious Works.","robots":{"index":"index","follow":"follow","max-snippet":"max-snippet:-1","max-image-preview":"max-image-preview:large","max-video-preview":"max-video-preview:-1"},"canonical":"https:\/\/www.obviousworks.ch\/en\/llm-navigator-which-ki-for-what\/","og_locale":"en_US","og_type":"article","og_title":"LLM Navigator - Welche KI f\u00fcr was - Obvious Works [EN]","og_description":"Entdecken Sie unseren ausf\u00fchrlichen LLM Navigator (Stand: November 2025) mit den neuesten Benchmarks f\u00fchrender Sprach- und Multimodal-Modelle. Die strategische Entscheidungs\u00adhilfe f\u00fcr Ihre KI-Auswahl \u2013 pr\u00e4sentiert von Obvious Works.","og_url":"https:\/\/www.obviousworks.ch\/en\/llm-navigator-which-ki-for-what\/","og_site_name":"Obvious Works","article_modified_time":"2026-04-02T13:30:21+00:00","twitter_card":"summary_large_image","schema":{"@context":"https:\/\/schema.org","@graph":[{"@type":"WebPage","@id":"https:\/\/www.obviousworks.ch\/llm-navigator-welche-ki-fuer-was\/","url":"https:\/\/www.obviousworks.ch\/llm-navigator-welche-ki-fuer-was\/","name":"LLM Navigator - Welche KI f\u00fcr was - Obvious Works [EN]","isPartOf":{"@id":"https:\/\/www.obviousworks.ch\/#website"},"datePublished":"2025-11-24T16:17:42+00:00","dateModified":"2026-04-02T13:30:21+00:00","description":"Discover our detailed LLM Navigator (as of November 2025) with the latest benchmarks of leading voice and multimodal models. The strategic decision aid for your AI selection - presented by Obvious Works.","breadcrumb":{"@id":"https:\/\/www.obviousworks.ch\/llm-navigator-welche-ki-fuer-was\/#breadcrumb"},"inLanguage":"en-US","potentialAction":[{"@type":"ReadAction","target":["https:\/\/www.obviousworks.ch\/llm-navigator-welche-ki-fuer-was\/"]}]},{"@type":"BreadcrumbList","@id":"https:\/\/www.obviousworks.ch\/llm-navigator-welche-ki-fuer-was\/#breadcrumb","itemListElement":[{"@type":"ListItem","position":1,"name":"Home","item":"https:\/\/www.obviousworks.ch\/"},{"@type":"ListItem","position":2,"name":"LLM Navigator &#8211; Welche KI f\u00fcr was"}]},{"@type":"WebSite","@id":"https:\/\/www.obviousworks.ch\/#website","url":"https:\/\/www.obviousworks.ch\/","name":"Obvious Works","description":"Your partner for AI, requirements &amp; agility","publisher":{"@id":"https:\/\/www.obviousworks.ch\/#organization"},"potentialAction":[{"@type":"SearchAction","target":{"@type":"EntryPoint","urlTemplate":"https:\/\/www.obviousworks.ch\/?s={search_term_string}"},"query-input":{"@type":"PropertyValueSpecification","valueRequired":true,"valueName":"search_term_string"}}],"inLanguage":"en-US"},{"@type":"Organization","@id":"https:\/\/www.obviousworks.ch\/#organization","name":"Obvious Works","url":"https:\/\/www.obviousworks.ch\/","logo":{"@type":"ImageObject","inLanguage":"en-US","@id":"https:\/\/www.obviousworks.ch\/#\/schema\/logo\/image\/","url":"https:\/\/www.obviousworks.ch\/wp-content\/uploads\/2023\/01\/cropped-9952_ObviousWorks_Logo_DA_01.png","contentUrl":"https:\/\/www.obviousworks.ch\/wp-content\/uploads\/2023\/01\/cropped-9952_ObviousWorks_Logo_DA_01.png","width":2980,"height":1164,"caption":"Obvious Works"},"image":{"@id":"https:\/\/www.obviousworks.ch\/#\/schema\/logo\/image\/"},"sameAs":["https:\/\/linkedin.com\/company\/obviousworks"]}]}},"_links":{"self":[{"href":"https:\/\/www.obviousworks.ch\/en\/wp-json\/wp\/v2\/pages\/4370","targetHints":{"allow":["GET"]}}],"collection":[{"href":"https:\/\/www.obviousworks.ch\/en\/wp-json\/wp\/v2\/pages"}],"about":[{"href":"https:\/\/www.obviousworks.ch\/en\/wp-json\/wp\/v2\/types\/page"}],"author":[{"embeddable":true,"href":"https:\/\/www.obviousworks.ch\/en\/wp-json\/wp\/v2\/users\/1"}],"replies":[{"embeddable":true,"href":"https:\/\/www.obviousworks.ch\/en\/wp-json\/wp\/v2\/comments?post=4370"}],"version-history":[{"count":18,"href":"https:\/\/www.obviousworks.ch\/en\/wp-json\/wp\/v2\/pages\/4370\/revisions"}],"predecessor-version":[{"id":5034,"href":"https:\/\/www.obviousworks.ch\/en\/wp-json\/wp\/v2\/pages\/4370\/revisions\/5034"}],"wp:attachment":[{"href":"https:\/\/www.obviousworks.ch\/en\/wp-json\/wp\/v2\/media?parent=4370"}],"curies":[{"name":"wp","href":"https:\/\/api.w.org\/{rel}","templated":true}]}}